{"id":84,"date":"2015-01-22T16:38:37","date_gmt":"2015-01-22T15:38:37","guid":{"rendered":"http:\/\/lelavoir-annecy.fr\/?page_id=84"},"modified":"2025-02-11T11:25:36","modified_gmt":"2025-02-11T10:25:36","slug":"green","status":"publish","type":"page","link":"https:\/\/lelavoir-annecy.fr\/?page_id=84","title":{"rendered":"Ethique"},"content":{"rendered":"<p>&nbsp;<\/p>\n<h5 style=\"text-align: center;\"><span style=\"color: #0000ff;\"><strong>Le partage des machines<\/strong><\/span><\/h5>\n<p>&nbsp;<\/p>\n<p>Vous \u00eates-vous demand\u00e9 combien de fois par semaine tourne votre machine \u00e0 laver ?<\/p>\n<p>La soci\u00e9t\u00e9 de consommation \u00e9volue. Au lieu d&rsquo;acqu\u00e9rir des biens mat\u00e9riels individuels,<\/p>\n<p>la tendance est au partage : covoiturage, colocation, autopartage, v\u00e9lostation&#8230; et donc&#8230; laverie.<\/p>\n<p><span style=\"color: #0000ff;\">Le lavoir etc..<\/span>. vous propose le partage de ses machines dans un lieu convivial et vous permet :<\/p>\n<ul>\n<li>de gagner de la place \u00e0 la maison<\/li>\n<li>d&rsquo;utiliser des machines Pro, performantes et rapides<\/li>\n<li>de baisser votre propre consommation d&rsquo;eau, d&rsquo;\u00e9lectricit\u00e9 et de lessive<\/li>\n<\/ul>\n<h5><\/h5>\n<p>&nbsp;<\/p>\n<h5 style=\"text-align: center;\"><strong><span style=\"color: #0000ff;\">Le Lavoir, en quelques mots&#8230;<\/span><br \/>\n<\/strong><\/h5>\n<p>&nbsp;<\/p>\n<h5><span style=\"text-decoration: underline;\">Des machines \u00e0 laver Miele Pro :<br \/>\n<\/span><\/h5>\n<ul>\n<li>Tambour en nid d&rsquo;abeille pour prendre soin du linge<\/li>\n<li>Dur\u00e9e de cycle de 40 \u00e0 50 mn, selon la temp\u00e9rature choisie (30 &#8211; 40 &#8211; 60 &#8211; 80\u00b0C)<\/li>\n<li>Possibilit\u00e9 de s\u00e9cher en 10, 20 ou 30 mn dans les s\u00e8che-linge du Lavoir<\/li>\n<li>Construction robuste avec mat\u00e9riaux nobles \u00e0 90% recyclables<\/li>\n<li>Fabriqu\u00e9es en Allemagne<\/li>\n<\/ul>\n<h5><u>De la lessive liquide, certifi\u00e9e Ecocert :<br \/>\n<\/u><\/h5>\n<ul>\n<li>Distribu\u00e9e automatiquement au d\u00e9marrage de la machine<\/li>\n<li>Faible impact sur l\u2019environnement<\/li>\n<li>Mati\u00e8res premi\u00e8res d\u2019origine v\u00e9g\u00e9tale<\/li>\n<li>Parfum naturel \u00e0 base d\u2019huiles essentielles de lavandin<\/li>\n<li>Achet\u00e9e directement au fabricant, dans le Sud-Ouest de la France<\/li>\n<\/ul>\n<h5><u>L\u2019eau<\/u><\/h5>\n<p>L\u2019 eau de ville, pomp\u00e9e dans le Lac d\u2019Annecy, est peu dure (TH = 15\u00b0F)<\/p>\n<ul>\n<li>Pas besoin d\u2019assouplissant\u00a0!<\/li>\n<li>Pour les serviettes \u00e9ponge, 10 mn de pr\u00e9-s\u00e9chage au s\u00e8che-linge suffisent pour les assouplir<\/li>\n<li>Machines avec consommation d&rsquo;eau optimis\u00e9e<\/li>\n<\/ul>\n<h5><u>L\u2019\u00e9nergie<\/u><\/h5>\n<ul>\n<li>Machines avec consommation d&rsquo;\u00e9nergie optimis\u00e9e<\/li>\n<li>Fournisseur d&rsquo;\u00e9lectricit\u00e9 d&rsquo;origine renouvelable<\/li>\n<li>\u00a0Eclairage LED<\/li>\n<\/ul>\n<p>&nbsp;<\/p>\n<h5 style=\"text-align: center;\"><span style=\"color: #0000ff;\"><strong>Le Lavoir etc\u2026<\/strong><\/span><\/h5>\n<p>&nbsp;<\/p>\n<p><span style=\"text-decoration: underline;\">Au RDC, <\/span>dans la laverie : free little library, magazines \u00ab\u00a0pas people\u00a0\u00bb<\/p>\n<p><span style=\"text-decoration: underline;\">A l&rsquo;\u00e9tage<\/span>,<\/p>\n<p>Pendant mes permanences (Lu, Ma et Me de 9h30 \u00e0 12h, les Je de 17h \u00e0 19h)<\/p>\n<ul>\n<li>acc\u00e9der \u00e0 des programmes de lavage sp\u00e9cifiques (laine, tentures, faible essorage, etc.)<\/li>\n<li>s&rsquo;installer dans le canap\u00e9 pendant que les machines tournent<\/li>\n<li>boire un caf\u00e9, un th\u00e9 ou un sirop (tarif libre !)<\/li>\n<li>jouer de la guitare, bouquiner, \u00e9couter de la musique, discuter, etc.<\/li>\n<\/ul>\n<p>&nbsp;<\/p>\n<h5 style=\"text-align: right; padding-left: 80px;\"><span style=\"color: #0000ff;\">\u00a0<strong>Bienvenue au Lavoir etc&#8230; !\u00a0\u00a0\u00a0\u00a0 Laurence<\/strong><\/span><\/h5>\n<h4><\/h4>\n<h2 style=\"text-align: center;\"><em><span style=\"color: #ff0000;\"><strong>\u00a0<\/strong><\/span><\/em><\/h2>\n<p>&nbsp;<\/p>\n","protected":false},"excerpt":{"rendered":"<p>&nbsp; Le partage des machines &nbsp; Vous \u00eates-vous demand\u00e9 combien de fois par semaine tourne votre machine \u00e0 laver ? La soci\u00e9t\u00e9 de consommation \u00e9volue. Au lieu d&rsquo;acqu\u00e9rir des biens mat\u00e9riels individuels, la tendance est au partage : covoiturage, colocation, &hellip; <a href=\"https:\/\/lelavoir-annecy.fr\/?page_id=84\">Continuer la lecture <span class=\"meta-nav\">&rarr;<\/span><\/a><\/p>\n","protected":false},"author":1,"featured_media":0,"parent":0,"menu_order":0,"comment_status":"open","ping_status":"open","template":"showcase.php","meta":{"footnotes":""},"class_list":["post-84","page","type-page","status-publish","hentry"],"_links":{"self":[{"href":"https:\/\/lelavoir-annecy.fr\/index.php?rest_route=\/wp\/v2\/pages\/84","targetHints":{"allow":["GET"]}}],"collection":[{"href":"https:\/\/lelavoir-annecy.fr\/index.php?rest_route=\/wp\/v2\/pages"}],"about":[{"href":"https:\/\/lelavoir-annecy.fr\/index.php?rest_route=\/wp\/v2\/types\/page"}],"author":[{"embeddable":true,"href":"https:\/\/lelavoir-annecy.fr\/index.php?rest_route=\/wp\/v2\/users\/1"}],"replies":[{"embeddable":true,"href":"https:\/\/lelavoir-annecy.fr\/index.php?rest_route=%2Fwp%2Fv2%2Fcomments&post=84"}],"version-history":[{"count":28,"href":"https:\/\/lelavoir-annecy.fr\/index.php?rest_route=\/wp\/v2\/pages\/84\/revisions"}],"predecessor-version":[{"id":463,"href":"https:\/\/lelavoir-annecy.fr\/index.php?rest_route=\/wp\/v2\/pages\/84\/revisions\/463"}],"wp:attachment":[{"href":"https:\/\/lelavoir-annecy.fr\/index.php?rest_route=%2Fwp%2Fv2%2Fmedia&parent=84"}],"curies":[{"name":"wp","href":"https:\/\/api.w.org\/{rel}","templated":true}]}}