{"id":80,"date":"2019-10-22T16:37:33","date_gmt":"2019-10-22T15:37:33","guid":{"rendered":"http:\/\/lelavoir-annecy.fr\/?page_id=80"},"modified":"2025-02-11T11:27:33","modified_gmt":"2025-02-11T10:27:33","slug":"machines","status":"publish","type":"page","link":"https:\/\/lelavoir-annecy.fr\/?page_id=80","title":{"rendered":"Machines \/ Tarifs"},"content":{"rendered":"<p><span style=\"color: #000000;\"><strong>Le lavoir vous propose :<\/strong><\/span><\/p>\n<ul>\n<li><span style=\"color: #000000;\">Deux machines de 6.5 kg : 4.50\u20ac<\/span><\/li>\n<li style=\"text-align: justify;\"><span style=\"color: #000000;\">Une machine de 13 kg : 8.00\u20ac<\/span><\/li>\n<li style=\"text-align: justify;\"><span style=\"color: #000000;\">Une machine de 16 kg : 10.00\u20ac, sp\u00e9ciale gros volumes (couettes, rideaux, housses de canap\u00e9s, etc.)<br \/>\n<\/span><\/li>\n<li style=\"text-align: justify;\"><span style=\"color: #000000;\">Deux s\u00e8che-linge : 1,50 \u20ac \/ 10 minutes<\/span><\/li>\n<\/ul>\n<p>&nbsp;<\/p>\n<p style=\"text-align: center;\"><span style=\"color: #000000;\">La lessive \u00e9cologique, certifi\u00e9e Ecocert,<\/span><\/p>\n<p style=\"text-align: center;\"><span style=\"color: #000000;\">est <strong>distribu\u00e9e automatiquement<\/strong><\/span><\/p>\n<p style=\"text-align: center;\"><span style=\"color: #000000;\">et <strong><span style=\"text-decoration: underline;\">offerte<\/span> !<\/strong><br \/>\n<\/span><\/p>\n<p>&nbsp;<\/p>\n<p><span style=\"color: #787878;\"><img loading=\"lazy\" decoding=\"async\" class=\"sFlh5c FyHeAf iPVvYb alignnone\" src=\"https:\/\/st2.depositphotos.com\/5266903\/7861\/i\/450\/depositphotos_78617276-stock-photo-euro-money-icon-from-bicolor.jpg\" alt=\"Image vectorielle Euro Cash Flat Vector Ic\u00f4ne par \u00a9ahasoft - 121015148\" width=\"71\" height=\"71\" aria-hidden=\"false\" \/><\/span><span style=\"color: #787878;\"> \u00a0\u00a0 <\/span><strong><span style=\"color: #787878;\"><em><img loading=\"lazy\" decoding=\"async\" class=\"sFlh5c FyHeAf iPVvYb alignnone\" src=\"https:\/\/get-picto.com\/wp-content\/uploads\/2023\/07\/picto-carte-bancaire.webp\" alt=\"Picto carte bancaire | Get-picto\" width=\"64\" height=\"64\" aria-hidden=\"false\" \/> \u00a0\u00a0 <img loading=\"lazy\" decoding=\"async\" class=\"sFlh5c FyHeAf iPVvYb alignnone\" src=\"https:\/\/monnaiegentiane.org\/wp-content\/uploads\/2021\/05\/logo-la-gentiane.png\" alt=\"La Gentiane, monnaie alternative solidaire et sociale du Lac d'Annecy\" width=\"71\" height=\"76\" aria-hidden=\"false\" \/><\/em><\/span><\/strong><\/p>\n<p><span style=\"color: #787878;\">Paiem<\/span><span style=\"color: #787878;\">ent par <strong>esp\u00e8c<\/strong><\/span><span style=\"color: #787878;\"><strong>es<\/strong> (pi\u00e8ces et billets),\u00a0\u00a0\u00a0<\/span><\/p>\n<p><strong><span style=\"color: #787878;\">carte bancaire,<br \/>\n<\/span><\/strong><\/p>\n<p><span style=\"color: #339966;\">ou avec &lsquo;<strong>la Gentiane&rsquo;<\/strong> ! (monnaie locale du bassin ann\u00e9cien)<\/span><\/p>\n<p><em><span style=\"color: #339966;\">\u2192 possible uniquement pendant les permanences :<br \/>\n<\/span><\/em><em><span style=\"color: #339966;\"><span class=\"text_exposed_show\">Lu et Ma (9h30 \u00e0 12h), <\/span>Je (17h \u00e0 19h)<\/span><\/em><\/p>\n<p>&nbsp;<\/p>\n<p><img loading=\"lazy\" decoding=\"async\" class=\"  wp-image-252 aligncenter\" src=\"http:\/\/lelavoir-annecy.fr\/wp-content\/uploads\/2015\/01\/pw6167elwied.jpg\" alt=\"pw6167elwied\" width=\"303\" height=\"409\" \/><\/p>\n<p><img loading=\"lazy\" decoding=\"async\" class=\"  wp-image-251 aligncenter\" src=\"http:\/\/lelavoir-annecy.fr\/wp-content\/uploads\/2015\/01\/pw6137elwied.jpg\" alt=\"miele pw6137\" width=\"313\" height=\"481\" \/><\/p>\n<p><a href=\"http:\/\/lelavoir-annecy.fr\/wp-content\/uploads\/2015\/01\/6065.jpg\"><img loading=\"lazy\" decoding=\"async\" class=\"aligncenter wp-image-256\" src=\"http:\/\/lelavoir-annecy.fr\/wp-content\/uploads\/2015\/01\/6065.jpg\" alt=\"\" width=\"314\" height=\"413\" \/><\/a><\/p>\n<p><a href=\"http:\/\/lelavoir-annecy.fr\/wp-content\/uploads\/2015\/01\/137813757421.jpg\"><img loading=\"lazy\" decoding=\"async\" class=\"aligncenter  wp-image-262\" src=\"http:\/\/lelavoir-annecy.fr\/wp-content\/uploads\/2015\/01\/137813757421.jpg\" alt=\"13781375742\" width=\"315\" height=\"651\" \/><\/a><\/p>\n<p>&nbsp;<\/p>\n","protected":false},"excerpt":{"rendered":"<p>Le lavoir vous propose : Deux machines de 6.5 kg : 4.50\u20ac Une machine de 13 kg : 8.00\u20ac Une machine de 16 kg : 10.00\u20ac, sp\u00e9ciale gros volumes (couettes, rideaux, housses de canap\u00e9s, etc.) Deux s\u00e8che-linge : 1,50 \u20ac &hellip; <a href=\"https:\/\/lelavoir-annecy.fr\/?page_id=80\">Continuer la lecture <span class=\"meta-nav\">&rarr;<\/span><\/a><\/p>\n","protected":false},"author":1,"featured_media":0,"parent":0,"menu_order":0,"comment_status":"open","ping_status":"open","template":"showcase.php","meta":{"footnotes":""},"class_list":["post-80","page","type-page","status-publish","hentry"],"_links":{"self":[{"href":"https:\/\/lelavoir-annecy.fr\/index.php?rest_route=\/wp\/v2\/pages\/80","targetHints":{"allow":["GET"]}}],"collection":[{"href":"https:\/\/lelavoir-annecy.fr\/index.php?rest_route=\/wp\/v2\/pages"}],"about":[{"href":"https:\/\/lelavoir-annecy.fr\/index.php?rest_route=\/wp\/v2\/types\/page"}],"author":[{"embeddable":true,"href":"https:\/\/lelavoir-annecy.fr\/index.php?rest_route=\/wp\/v2\/users\/1"}],"replies":[{"embeddable":true,"href":"https:\/\/lelavoir-annecy.fr\/index.php?rest_route=%2Fwp%2Fv2%2Fcomments&post=80"}],"version-history":[{"count":64,"href":"https:\/\/lelavoir-annecy.fr\/index.php?rest_route=\/wp\/v2\/pages\/80\/revisions"}],"predecessor-version":[{"id":464,"href":"https:\/\/lelavoir-annecy.fr\/index.php?rest_route=\/wp\/v2\/pages\/80\/revisions\/464"}],"wp:attachment":[{"href":"https:\/\/lelavoir-annecy.fr\/index.php?rest_route=%2Fwp%2Fv2%2Fmedia&parent=80"}],"curies":[{"name":"wp","href":"https:\/\/api.w.org\/{rel}","templated":true}]}}