{"id":155,"date":"2015-02-12T18:11:11","date_gmt":"2015-02-12T17:11:11","guid":{"rendered":"http:\/\/lelavoir-annecy.fr\/?page_id=155"},"modified":"2025-02-11T10:40:11","modified_gmt":"2025-02-11T09:40:11","slug":"etc","status":"publish","type":"page","link":"https:\/\/lelavoir-annecy.fr\/?page_id=155","title":{"rendered":"etc&#8230;"},"content":{"rendered":"<p>&nbsp;<\/p>\n<p style=\"text-align: center;\"><span style=\"color: #000000;\">Le lavoir peut d\u00e9sormais vous recevoir dans son espace etc&#8230; !<\/span><\/p>\n<p style=\"text-align: center;\"><span style=\"color: #000000;\"><a href=\"http:\/\/lelavoir-annecy.fr\/wp-content\/uploads\/2015\/02\/WP_20160113_12_24_14_Pro-2.jpg\"><img loading=\"lazy\" decoding=\"async\" class=\"aligncenter size-full wp-image-314\" src=\"http:\/\/lelavoir-annecy.fr\/wp-content\/uploads\/2015\/02\/WP_20160113_12_24_14_Pro-2.jpg\" alt=\"espace etc\" width=\"2592\" height=\"1456\" srcset=\"https:\/\/lelavoir-annecy.fr\/wp-content\/uploads\/2015\/02\/WP_20160113_12_24_14_Pro-2.jpg 2592w, https:\/\/lelavoir-annecy.fr\/wp-content\/uploads\/2015\/02\/WP_20160113_12_24_14_Pro-2-300x169.jpg 300w, https:\/\/lelavoir-annecy.fr\/wp-content\/uploads\/2015\/02\/WP_20160113_12_24_14_Pro-2-1024x575.jpg 1024w, https:\/\/lelavoir-annecy.fr\/wp-content\/uploads\/2015\/02\/WP_20160113_12_24_14_Pro-2-500x281.jpg 500w\" sizes=\"auto, (max-width: 2592px) 100vw, 2592px\" \/><\/a><br \/>\n<\/span><\/p>\n<p style=\"text-align: center;\"><span style=\"color: #000000;\">Un espace d&rsquo;attente avec lecture, boissons, expos, jeux de soci\u00e9t\u00e9&#8230;<\/span><\/p>\n<p style=\"text-align: center;\">Et d&rsquo;autres services laverie adapt\u00e9s \u00e0 vos besoins.<\/p>\n<p style=\"text-align: center;\"><strong>Free Wifi<\/strong><\/p>\n<p style=\"text-align: center;\"><img loading=\"lazy\" decoding=\"async\" class=\"aligncenter wp-image-202\" src=\"http:\/\/lelavoir-annecy.fr\/wp-content\/uploads\/2015\/02\/Logo-wifi-05.png\" alt=\"Logo wifi-05\" width=\"80\" height=\"80\" srcset=\"https:\/\/lelavoir-annecy.fr\/wp-content\/uploads\/2015\/02\/Logo-wifi-05.png 1704w, https:\/\/lelavoir-annecy.fr\/wp-content\/uploads\/2015\/02\/Logo-wifi-05-150x150.png 150w, https:\/\/lelavoir-annecy.fr\/wp-content\/uploads\/2015\/02\/Logo-wifi-05-300x300.png 300w, https:\/\/lelavoir-annecy.fr\/wp-content\/uploads\/2015\/02\/Logo-wifi-05-1024x1022.png 1024w, https:\/\/lelavoir-annecy.fr\/wp-content\/uploads\/2015\/02\/Logo-wifi-05-301x300.png 301w\" sizes=\"auto, (max-width: 80px) 100vw, 80px\" \/><\/p>\n<p>&nbsp;<\/p>\n<p style=\"text-align: center;\"><span style=\"color: #008000;\"><strong>Comptoir d&rsquo;\u00e9change<\/strong> de la monnaie locale, la Gentiane <\/span><\/p>\n<p style=\"text-align: center;\"><span style=\"color: #008000;\">tous les <\/span><span style=\"color: #008000;\">mardis de 9h \u00e0 12h<\/span><\/p>\n<p>&nbsp;<\/p>\n<p><img decoding=\"async\" class=\"sFlh5c FyHeAf iPVvYb\" src=\"https:\/\/i.ytimg.com\/vi\/KG-8w99OCXk\/maxresdefault.jpg\" alt=\"L'association de la monnaie alternative la Gentiane\" aria-hidden=\"false\" \/><\/p>\n<p>&nbsp;<\/p>\n","protected":false},"excerpt":{"rendered":"<p>&nbsp; Le lavoir peut d\u00e9sormais vous recevoir dans son espace etc&#8230; ! Un espace d&rsquo;attente avec lecture, boissons, expos, jeux de soci\u00e9t\u00e9&#8230; Et d&rsquo;autres services laverie adapt\u00e9s \u00e0 vos besoins. Free Wifi &nbsp; Comptoir d&rsquo;\u00e9change de la monnaie locale, la &hellip; <a href=\"https:\/\/lelavoir-annecy.fr\/?page_id=155\">Continuer la lecture <span class=\"meta-nav\">&rarr;<\/span><\/a><\/p>\n","protected":false},"author":1,"featured_media":0,"parent":0,"menu_order":0,"comment_status":"open","ping_status":"open","template":"showcase.php","meta":{"footnotes":""},"class_list":["post-155","page","type-page","status-publish","hentry"],"_links":{"self":[{"href":"https:\/\/lelavoir-annecy.fr\/index.php?rest_route=\/wp\/v2\/pages\/155","targetHints":{"allow":["GET"]}}],"collection":[{"href":"https:\/\/lelavoir-annecy.fr\/index.php?rest_route=\/wp\/v2\/pages"}],"about":[{"href":"https:\/\/lelavoir-annecy.fr\/index.php?rest_route=\/wp\/v2\/types\/page"}],"author":[{"embeddable":true,"href":"https:\/\/lelavoir-annecy.fr\/index.php?rest_route=\/wp\/v2\/users\/1"}],"replies":[{"embeddable":true,"href":"https:\/\/lelavoir-annecy.fr\/index.php?rest_route=%2Fwp%2Fv2%2Fcomments&post=155"}],"version-history":[{"count":34,"href":"https:\/\/lelavoir-annecy.fr\/index.php?rest_route=\/wp\/v2\/pages\/155\/revisions"}],"predecessor-version":[{"id":451,"href":"https:\/\/lelavoir-annecy.fr\/index.php?rest_route=\/wp\/v2\/pages\/155\/revisions\/451"}],"wp:attachment":[{"href":"https:\/\/lelavoir-annecy.fr\/index.php?rest_route=%2Fwp%2Fv2%2Fmedia&parent=155"}],"curies":[{"name":"wp","href":"https:\/\/api.w.org\/{rel}","templated":true}]}}